{"id":2924,"date":"2021-10-07T20:54:42","date_gmt":"2021-10-07T20:54:42","guid":{"rendered":"https:\/\/steelworkerspensionplan.ca\/brochures-et-annexes-a-lintention-des-participants\/"},"modified":"2025-03-27T17:22:58","modified_gmt":"2025-03-27T21:22:58","slug":"brochures-et-annexes-a-lintention-des-participants","status":"publish","type":"page","link":"https:\/\/steelworkerspensionplan.ca\/fr\/brochures-et-annexes-a-lintention-des-participants\/","title":{"rendered":"Brochures et annexes \u00e0 l\u2019intention des participants"},"content":{"rendered":"<p>[et_pb_section fb_built=&#8221;1&#8243; custom_padding_last_edited=&#8221;on|phone&#8221; admin_label=&#8221;Header Section&#8221; _builder_version=&#8221;4.16&#8243; background_color=&#8221;#1F3162&#8243; use_background_color_gradient=&#8221;on&#8221; background_color_gradient_direction=&#8221;154deg&#8221; background_color_gradient_stops=&#8221;rgba(31,49,98,0.9) 58%|rgba(35,116,187,0.65) 96%&#8221; background_color_gradient_overlays_image=&#8221;on&#8221; background_color_gradient_start=&#8221;rgba(31,49,98,0.9)&#8221; background_color_gradient_start_position=&#8221;58%&#8221; background_color_gradient_end=&#8221;rgba(35,116,187,0.65)&#8221; background_color_gradient_end_position=&#8221;96%&#8221; background_image=&#8221;https:\/\/steelworkerspensionplan.ca\/wp-content\/uploads\/2021\/08\/Design-2-banner-B-FPO.jpg&#8221; custom_padding=&#8221;80px||50px||false|false&#8221; custom_padding_tablet=&#8221;&#8221; custom_padding_phone=&#8221;15%||15%||false|false&#8221; top_divider_color=&#8221;#000000&#8243; background_last_edited=&#8221;on|phone&#8221; background_image_phone=&#8221;https:\/\/steelworkerspensionplan.ca\/wp-content\/uploads\/2021\/08\/Design-2-banner-B-FPO.jpg&#8221; background_enable_image_phone=&#8221;on&#8221; locked=&#8221;off&#8221; global_colors_info=&#8221;{}&#8221; title_text_phone=&#8221;Solar-Panel-One&#8221; theme_builder_area=&#8221;post_content&#8221;][et_pb_row use_custom_gutter=&#8221;on&#8221; gutter_width=&#8221;1&#8243; make_equal=&#8221;on&#8221; admin_label=&#8221;Header Row&#8221; _builder_version=&#8221;4.16&#8243; background_enable_color=&#8221;off&#8221; z_index=&#8221;53&#8243; custom_margin=&#8221;||||false|false&#8221; custom_padding=&#8221;0px|0px|0px|0px|false|false&#8221; border_radii=&#8221;on|10px|10px|10px|10px&#8221; box_shadow_style=&#8221;preset4&#8243; box_shadow_horizontal=&#8221;743px&#8221; box_shadow_vertical=&#8221;-95px&#8221; box_shadow_color=&#8221;#2374BB&#8221; global_colors_info=&#8221;{}&#8221; theme_builder_area=&#8221;post_content&#8221;][et_pb_column type=&#8221;4_4&#8243; _builder_version=&#8221;4.16&#8243; custom_padding=&#8221;|||&#8221; custom_css_main_element=&#8221;margin:auto&#8221; global_colors_info=&#8221;{}&#8221; custom_padding__hover=&#8221;|||&#8221; theme_builder_area=&#8221;post_content&#8221;][et_pb_text admin_label=&#8221;Title &#038; Paragraph&#8221; _builder_version=&#8221;4.27.4&#8243; text_font=&#8221;||||||||&#8221; text_text_color=&#8221;#FFFFFF&#8221; text_font_size=&#8221;20px&#8221; header_font=&#8221;||||||||&#8221; header_text_color=&#8221;#ffffff&#8221; header_2_font=&#8221;Roboto Condensed|700|||||||&#8221; header_2_text_color=&#8221;#FFB515&#8243; header_2_font_size=&#8221;40px&#8221; header_2_line_height=&#8221;1.2em&#8221; background_layout=&#8221;dark&#8221; width=&#8221;70%&#8221; width_tablet=&#8221;&#8221; width_phone=&#8221;100%&#8221; width_last_edited=&#8221;on|phone&#8221; max_width=&#8221;100%&#8221; max_width_tablet=&#8221;&#8221; max_width_phone=&#8221;100%&#8221; max_width_last_edited=&#8221;on|phone&#8221; module_alignment=&#8221;left&#8221; custom_margin=&#8221;||||false|false&#8221; custom_margin_tablet=&#8221;&#8221; custom_margin_phone=&#8221;|116px||0px|false|false&#8221; custom_margin_last_edited=&#8221;on|phone&#8221; custom_padding=&#8221;||||false|false&#8221; custom_padding_tablet=&#8221;&#8221; custom_padding_phone=&#8221;10%|0px||0px|false|false&#8221; custom_padding_last_edited=&#8221;on|desktop&#8221; header_2_font_size_tablet=&#8221;&#8221; header_2_font_size_phone=&#8221;35px&#8221; header_2_font_size_last_edited=&#8221;on|phone&#8221; global_colors_info=&#8221;{}&#8221; theme_builder_area=&#8221;post_content&#8221;]<\/p>\n<h2>Recherche de brochures pour les membres<\/h2>\n<p>[\/et_pb_text][\/et_pb_column][\/et_pb_row][\/et_pb_section][et_pb_section fb_built=&#8221;1&#8243; _builder_version=&#8221;4.27.4&#8243; _module_preset=&#8221;default&#8221; global_colors_info=&#8221;{}&#8221; theme_builder_area=&#8221;post_content&#8221;][et_pb_row _builder_version=&#8221;4.27.4&#8243; _module_preset=&#8221;default&#8221; global_colors_info=&#8221;{}&#8221; theme_builder_area=&#8221;post_content&#8221;][et_pb_column type=&#8221;4_4&#8243; _builder_version=&#8221;4.27.4&#8243; _module_preset=&#8221;default&#8221; global_colors_info=&#8221;{}&#8221; theme_builder_area=&#8221;post_content&#8221;][et_pb_text _builder_version=&#8221;4.27.4&#8243; _module_preset=&#8221;default&#8221; global_colors_info=&#8221;{}&#8221; theme_builder_area=&#8221;post_content&#8221;]<\/p>\n<p>La brochure et l\u2019annexe portant sur le plan de retraite offrent une quantit\u00e9 inestimable de renseignements au sujet de votre pension et des r\u00e9ponses \u00e0 vos questions. N\u2019oubliez pas de consulter l\u2019annexe qui contient des renseignements pr\u00e9cis concernant votre unit\u00e9 de n\u00e9gociation.<\/p>\n<p><\/p>\n<p>Rechercher par le nom de votre employeur<\/p>\n<p>[\/et_pb_text][et_pb_text _builder_version=&#8221;4.27.4&#8243; _module_preset=&#8221;default&#8221; global_colors_info=&#8221;{}&#8221; theme_builder_area=&#8221;post_content&#8221;]<form  class=\"is-search-form is-form-style is-form-style-1 is-form-id-8289 \" action=\"https:\/\/steelworkerspensionplan.ca\/fr\/\" method=\"get\" role=\"search\" ><label for=\"is-search-input-8289\"><span class=\"is-screen-reader-text\">Search for:<\/span><input  type=\"search\" id=\"is-search-input-8289\" name=\"s\" value=\"\" class=\"is-search-input\" placeholder=\"Entrez le nom de l&#039;employeur\" autocomplete=off \/><\/label><input type=\"submit\" value=\"Rechercher\" class=\"is-search-submit\" \/><input type=\"hidden\" name=\"id\" value=\"8289\" \/><input type=\"hidden\" name=\"post_type\" value=\"post\" \/><\/form>[\/et_pb_text][et_pb_text _builder_version=&#8221;4.27.4&#8243; _module_preset=&#8221;default&#8221; global_colors_info=&#8221;{}&#8221; theme_builder_area=&#8221;post_content&#8221;]<\/p>\n<p>OU<\/p>\n<p>[\/et_pb_text][et_pb_button button_url=&#8221;https:\/\/steelworkerspensionplan.ca\/fr\/screeners-various-employers-locals\/&#8221; button_text=&#8221;S\u00fbret\u00e9 cliquez ici&#8221; _builder_version=&#8221;4.27.4&#8243; _module_preset=&#8221;default&#8221; custom_css_main_element=&#8221;width:220px;||text-align:center&#8221; global_colors_info=&#8221;{}&#8221; theme_builder_area=&#8221;post_content&#8221;][\/et_pb_button][et_pb_button button_url=&#8221;https:\/\/steelworkerspensionplan.ca\/fr\/security-various-employers-locals\/&#8221; button_text=&#8221;S\u00e9curit\u00e9 cliquez ici&#8221; button_alignment=&#8221;left&#8221; _builder_version=&#8221;4.27.4&#8243; _module_preset=&#8221;default&#8221; custom_css_main_element=&#8221;width:220px;||text-align:center&#8221; global_colors_info=&#8221;{}&#8221; theme_builder_area=&#8221;post_content&#8221;][\/et_pb_button][et_pb_search exclude_pages=&#8221;on&#8221; placeholder=&#8221;nom de l&#8217;employeur&#8221; button_color=&#8221;#1F3162&#8243; disabled_on=&#8221;on|on|on&#8221; _builder_version=&#8221;4.27.4&#8243; _module_preset=&#8221;default&#8221; button_font=&#8221;&#8211;et_global_heading_font|700||on|||||&#8221; button_text_color=&#8221;#FFFFFF&#8221; disabled=&#8221;on&#8221; global_colors_info=&#8221;{}&#8221; theme_builder_area=&#8221;post_content&#8221;][\/et_pb_search][\/et_pb_column][\/et_pb_row][\/et_pb_section]<\/p>\n","protected":false},"excerpt":{"rendered":"<p>Recherche de brochures pour les membresLa brochure et l\u2019annexe portant sur le plan de retraite offrent une quantit\u00e9 inestimable de renseignements au sujet de votre pension et des r\u00e9ponses \u00e0 vos questions. N\u2019oubliez pas de consulter l\u2019annexe qui contient des renseignements pr\u00e9cis concernant votre unit\u00e9 de n\u00e9gociation.Rechercher par le nom de votre employeur[ivory-search 404 \"Invalid search form ID &#8221;8289&#8243;\"]<\/p>\n","protected":false},"author":2,"featured_media":0,"parent":0,"menu_order":0,"comment_status":"closed","ping_status":"closed","template":"","meta":{"_et_pb_use_builder":"on","_et_pb_old_content":"","_et_gb_content_width":"","footnotes":""},"class_list":["post-2924","page","type-page","status-publish","hentry"],"_links":{"self":[{"href":"https:\/\/steelworkerspensionplan.ca\/fr\/wp-json\/wp\/v2\/pages\/2924","targetHints":{"allow":["GET"]}}],"collection":[{"href":"https:\/\/steelworkerspensionplan.ca\/fr\/wp-json\/wp\/v2\/pages"}],"about":[{"href":"https:\/\/steelworkerspensionplan.ca\/fr\/wp-json\/wp\/v2\/types\/page"}],"author":[{"embeddable":true,"href":"https:\/\/steelworkerspensionplan.ca\/fr\/wp-json\/wp\/v2\/users\/2"}],"replies":[{"embeddable":true,"href":"https:\/\/steelworkerspensionplan.ca\/fr\/wp-json\/wp\/v2\/comments?post=2924"}],"version-history":[{"count":10,"href":"https:\/\/steelworkerspensionplan.ca\/fr\/wp-json\/wp\/v2\/pages\/2924\/revisions"}],"predecessor-version":[{"id":8484,"href":"https:\/\/steelworkerspensionplan.ca\/fr\/wp-json\/wp\/v2\/pages\/2924\/revisions\/8484"}],"wp:attachment":[{"href":"https:\/\/steelworkerspensionplan.ca\/fr\/wp-json\/wp\/v2\/media?parent=2924"}],"curies":[{"name":"wp","href":"https:\/\/api.w.org\/{rel}","templated":true}]}}